{"id":22,"date":"2025-08-07T18:32:06","date_gmt":"2025-08-07T18:32:06","guid":{"rendered":"https:\/\/boligrydding.no\/?page_id=22"},"modified":"2025-08-09T17:58:10","modified_gmt":"2025-08-09T17:58:10","slug":"hjem","status":"publish","type":"page","link":"https:\/\/boligrydding.no\/","title":{"rendered":"Hjem"},"content":{"rendered":"\n<div style=\"height:203px\" aria-hidden=\"true\" class=\"wp-block-spacer\"><\/div>\n\n\n\n<div class=\"wp-block-cover alignfull is-light has-aspect-ratio\" style=\"min-height:620px;aspect-ratio:auto;min-height:unset;\"><img loading=\"lazy\" decoding=\"async\" width=\"300\" height=\"300\" class=\"wp-block-cover__image-background wp-image-59 size-medium\" alt=\"\" src=\"https:\/\/boligrydding.no\/wp-content\/uploads\/2025\/08\/Frame-2-300x300.png\" data-object-fit=\"cover\" srcset=\"https:\/\/boligrydding.no\/wp-content\/uploads\/2025\/08\/Frame-2-300x300.png 300w, https:\/\/boligrydding.no\/wp-content\/uploads\/2025\/08\/Frame-2-150x150.png 150w, https:\/\/boligrydding.no\/wp-content\/uploads\/2025\/08\/Frame-2-768x768.png 768w, https:\/\/boligrydding.no\/wp-content\/uploads\/2025\/08\/Frame-2.png 1024w\" sizes=\"auto, (max-width: 300px) 100vw, 300px\" \/><span aria-hidden=\"true\" class=\"wp-block-cover__background has-background-dim\" style=\"background-color:#f5f5f5\"><\/span><div class=\"wp-block-cover__inner-container is-layout-flow wp-block-cover-is-layout-flow\">\n<div class=\"wp-block-group is-nowrap is-layout-flex wp-container-core-group-is-layout-6c531013 wp-block-group-is-layout-flex\">\n<div class=\"inherit-container-width wp-block-group alignwide is-layout-constrained wp-block-group-is-layout-constrained\">\n<div class=\"wp-block-media-text alignwide is-stacked-on-mobile is-vertically-aligned-center\" style=\"grid-template-columns:40% auto\"><figure class=\"wp-block-media-text__media\"><img loading=\"lazy\" decoding=\"async\" width=\"1024\" height=\"1024\" src=\"https:\/\/boligrydding.no\/wp-content\/uploads\/2025\/08\/Frame-2.png\" alt=\"\" class=\"wp-image-59 size-full\" srcset=\"https:\/\/boligrydding.no\/wp-content\/uploads\/2025\/08\/Frame-2.png 1024w, https:\/\/boligrydding.no\/wp-content\/uploads\/2025\/08\/Frame-2-300x300.png 300w, https:\/\/boligrydding.no\/wp-content\/uploads\/2025\/08\/Frame-2-150x150.png 150w, https:\/\/boligrydding.no\/wp-content\/uploads\/2025\/08\/Frame-2-768x768.png 768w\" sizes=\"auto, (max-width: 1024px) 100vw, 1024px\" \/><\/figure><div class=\"wp-block-media-text__content\">\n<div class=\"wp-block-group is-nowrap is-layout-flex wp-container-core-group-is-layout-6c531013 wp-block-group-is-layout-flex\">\n<h1 class=\"wp-block-heading has-text-align-left has-ast-global-color-2-color has-text-color\">Flyttevask som gladelig best\u00e5r sjekklisten!<\/h1>\n<\/div>\n\n\n\n<div style=\"height:29px\" aria-hidden=\"true\" class=\"wp-block-spacer\"><\/div>\n\n\n\n<div class=\"wp-block-buttons is-layout-flex wp-block-buttons-is-layout-flex\">\n<div class=\"wp-block-button\"><a class=\"wp-block-button__link wp-element-button\" href=\"#contact\" rel=\"Ta kontakt\">Ta kontakt<\/a><\/div>\n<\/div>\n<\/div><\/div>\n<\/div>\n<\/div>\n<\/div><\/div>\n\n\n\n<div class=\"wp-block-group alignfull has-ast-global-color-5-background-color has-background is-layout-constrained wp-container-core-group-is-layout-94d206d0 wp-block-group-is-layout-constrained\" id=\"about\" style=\"padding-top:143px;padding-bottom:144px\">\n<div class=\"wp-block-media-text has-media-on-the-right is-stacked-on-mobile is-vertically-aligned-center\"><div class=\"wp-block-media-text__content\">\n<div class=\"wp-block-group is-layout-flow wp-block-group-is-layout-flow\" style=\"padding-right:19px\">\n<h2 class=\"wp-block-heading\" style=\"padding-right:40px\">Gi n\u00f8kkelen videre med et smil \u2013 vi tar oss av resten!<\/h2>\n\n\n\n<p>\u2028\u00c5 flytte er stress nok i seg selv \u2013 la oss ta den siste, tunge jobben. Hos Gamst Boligrydding leverer vi grundig flyttevask som gj\u00f8r b\u00e5de selger og kj\u00f8per forn\u00f8yde.<\/p>\n<\/div>\n<\/div><figure class=\"wp-block-media-text__media\"><img loading=\"lazy\" decoding=\"async\" width=\"1024\" height=\"1024\" src=\"https:\/\/boligrydding.no\/wp-content\/uploads\/2025\/08\/20250808_2225_Key-to-New-Home_simple_compose_01k25nptkceersxdmmrtmy1xnr.png\" alt=\"\" class=\"wp-image-86 size-full\" srcset=\"https:\/\/boligrydding.no\/wp-content\/uploads\/2025\/08\/20250808_2225_Key-to-New-Home_simple_compose_01k25nptkceersxdmmrtmy1xnr.png 1024w, https:\/\/boligrydding.no\/wp-content\/uploads\/2025\/08\/20250808_2225_Key-to-New-Home_simple_compose_01k25nptkceersxdmmrtmy1xnr-300x300.png 300w, https:\/\/boligrydding.no\/wp-content\/uploads\/2025\/08\/20250808_2225_Key-to-New-Home_simple_compose_01k25nptkceersxdmmrtmy1xnr-150x150.png 150w, https:\/\/boligrydding.no\/wp-content\/uploads\/2025\/08\/20250808_2225_Key-to-New-Home_simple_compose_01k25nptkceersxdmmrtmy1xnr-768x768.png 768w\" sizes=\"auto, (max-width: 1024px) 100vw, 1024px\" \/><\/figure><\/div>\n<\/div>\n\n\n\n<div class=\"wp-block-group alignfull has-ast-global-color-4-background-color has-background is-layout-constrained wp-container-core-group-is-layout-6a2cfb7b wp-block-group-is-layout-constrained\" id=\"reviews\">\n<figure class=\"wp-block-image aligncenter size-full\"><img loading=\"lazy\" decoding=\"async\" width=\"291\" height=\"148\" src=\"https:\/\/boligrydding.no\/wp-content\/uploads\/2025\/08\/offentlig-godkjent-renholdsbedrift-bw.jpg.webp\" alt=\"\" class=\"wp-image-88\"\/><\/figure>\n\n\n\n<p class=\"has-text-align-center\" style=\"font-size:22px;line-height:1.6\"><br>Vi er registrert i Arbeidstilsynets Renholdsregister <br>\u2013 din garanti for kvalitet, trygghet og ryddige forhold.<\/p>\n<\/div>\n\n\n\n<div class=\"wp-block-group alignfull is-layout-constrained wp-container-core-group-is-layout-3fee123f wp-block-group-is-layout-constrained\" id=\"whyus\" style=\"padding-top:144px;padding-bottom:144px\">\n<h2 class=\"wp-block-heading\">Hvorfor bruke oss?<\/h2>\n\n\n\n<div class=\"wp-block-columns is-layout-flex wp-container-core-columns-is-layout-29aadeec wp-block-columns-is-layout-flex\" style=\"margin-top:60px\">\n<div class=\"wp-block-column is-layout-flow wp-container-core-column-is-layout-6b73ce23 wp-block-column-is-layout-flow\">\n<figure class=\"wp-block-image size-full is-resized\"><img loading=\"lazy\" decoding=\"async\" width=\"570\" height=\"568\" src=\"https:\/\/boligrydding.no\/wp-content\/uploads\/2025\/08\/house-3.png\" alt=\"\" class=\"wp-image-91\" style=\"width:67px;height:auto\" srcset=\"https:\/\/boligrydding.no\/wp-content\/uploads\/2025\/08\/house-3.png 570w, https:\/\/boligrydding.no\/wp-content\/uploads\/2025\/08\/house-3-300x300.png 300w, https:\/\/boligrydding.no\/wp-content\/uploads\/2025\/08\/house-3-150x150.png 150w\" sizes=\"auto, (max-width: 570px) 100vw, 570px\" \/><\/figure>\n\n\n\n<h3 class=\"wp-block-heading\" style=\"margin-top:16px\">Spesialister p\u00e5 flyttevask<\/h3>\n\n\n\n<p>Presisjon og fokus p\u00e5 detaljer \u2013 alt som trengs for \u00e5 best\u00e5 enhver inspeksjon.<\/p>\n<\/div>\n\n\n\n<div class=\"wp-block-column is-layout-flow wp-container-core-column-is-layout-6b73ce23 wp-block-column-is-layout-flow\">\n<figure class=\"wp-block-image size-full is-resized\"><img loading=\"lazy\" decoding=\"async\" width=\"568\" height=\"568\" src=\"https:\/\/boligrydding.no\/wp-content\/uploads\/2025\/08\/garanti-1.png\" alt=\"\" class=\"wp-image-79\" style=\"width:65px;height:auto\" srcset=\"https:\/\/boligrydding.no\/wp-content\/uploads\/2025\/08\/garanti-1.png 568w, https:\/\/boligrydding.no\/wp-content\/uploads\/2025\/08\/garanti-1-300x300.png 300w, https:\/\/boligrydding.no\/wp-content\/uploads\/2025\/08\/garanti-1-150x150.png 150w\" sizes=\"auto, (max-width: 568px) 100vw, 568px\" \/><\/figure>\n\n\n\n<h3 class=\"wp-block-heading\" style=\"margin-top:16px\">Forn\u00f8ydgaranti<\/h3>\n\n\n\n<p style=\"font-size:17px\">Vi er ikke ferdige f\u00f8r du er helt forn\u00f8yd \u2013 og vi f\u00f8lger opp til alt er som avtalt.<\/p>\n<\/div>\n\n\n\n<div class=\"wp-block-column is-layout-flow wp-container-core-column-is-layout-6b73ce23 wp-block-column-is-layout-flow\">\n<figure class=\"wp-block-image size-full is-resized\"><img loading=\"lazy\" decoding=\"async\" width=\"568\" height=\"568\" src=\"https:\/\/boligrydding.no\/wp-content\/uploads\/2025\/08\/miljo-1.png\" alt=\"\" class=\"wp-image-80\" style=\"width:65px\" srcset=\"https:\/\/boligrydding.no\/wp-content\/uploads\/2025\/08\/miljo-1.png 568w, https:\/\/boligrydding.no\/wp-content\/uploads\/2025\/08\/miljo-1-300x300.png 300w, https:\/\/boligrydding.no\/wp-content\/uploads\/2025\/08\/miljo-1-150x150.png 150w\" sizes=\"auto, (max-width: 568px) 100vw, 568px\" \/><\/figure>\n\n\n\n<h3 class=\"wp-block-heading\" style=\"margin-top:16px\"><strong>Milj\u00f8smart rengj\u00f8ring<\/strong><\/h3>\n\n\n\n<p style=\"font-size:17px\"><strong>Vi velger milj\u00f8vennlig der vi kan, uten \u00e5 g\u00e5 p\u00e5 kompromiss med resultatet.<\/strong><br><\/p>\n<\/div>\n<\/div>\n<\/div>\n\n\n\n<div class=\"wp-block-group alignfull has-ast-global-color-2-color has-ast-global-color-4-background-color has-text-color has-background has-link-color wp-elements-26bc16a2ca5f5f39413478e0e54bdd0d is-vertical is-content-justification-left is-layout-flex wp-container-core-group-is-layout-843eea8e wp-block-group-is-layout-flex\" id=\"contact\" style=\"padding-top:104px;padding-bottom:104px\">\n<h2 class=\"wp-block-heading\" style=\"font-size:37px\">Kontakt oss i dag for et uforpliktende tilbud.<\/h2>\n\n\n\n<p>Email: <a href=\"mailto:petter@boligrydding.no\">petter@boligrydding.no<\/a><\/p>\n\n\n\n<p>Tlf: 97 26 14 87<\/p>\n\n\n\n<p><\/p>\n<\/div>\n\n\n\n<p><\/p>\n","protected":false},"excerpt":{"rendered":"<p>Gi n\u00f8kkelen videre med et smil \u2013 vi tar oss av resten! \u2028\u00c5 flytte er stress nok i seg selv [&hellip;]<\/p>\n","protected":false},"author":1,"featured_media":0,"parent":0,"menu_order":0,"comment_status":"closed","ping_status":"closed","template":"","meta":{"site-sidebar-layout":"no-sidebar","site-content-layout":"plain-container","ast-site-content-layout":"default","site-content-style":"default","site-sidebar-style":"default","ast-global-header-display":"","ast-banner-title-visibility":"","ast-main-header-display":"","ast-hfb-above-header-display":"","ast-hfb-below-header-display":"","ast-hfb-mobile-header-display":"","site-post-title":"disabled","ast-breadcrumbs-content":"","ast-featured-img":"","footer-sml-layout":"","theme-transparent-header-meta":"enabled","adv-header-id-meta":"","stick-header-meta":"","header-above-stick-meta":"","header-main-stick-meta":"","header-below-stick-meta":"","astra-migrate-meta-layouts":"default","ast-page-background-enabled":"default","ast-page-background-meta":{"desktop":{"background-color":"var(--ast-global-color-5)","background-image":"","background-repeat":"repeat","background-position":"center center","background-size":"auto","background-attachment":"scroll","background-type":"","background-media":"","overlay-type":"","overlay-color":"","overlay-opacity":"","overlay-gradient":""},"tablet":{"background-color":"","background-image":"","background-repeat":"repeat","background-position":"center center","background-size":"auto","background-attachment":"scroll","background-type":"","background-media":"","overlay-type":"","overlay-color":"","overlay-opacity":"","overlay-gradient":""},"mobile":{"background-color":"","background-image":"","background-repeat":"repeat","background-position":"center center","background-size":"auto","background-attachment":"scroll","background-type":"","background-media":"","overlay-type":"","overlay-color":"","overlay-opacity":"","overlay-gradient":""}},"ast-content-background-meta":{"desktop":{"background-color":"var(--ast-global-color-4)","background-image":"","background-repeat":"repeat","background-position":"center center","background-size":"auto","background-attachment":"scroll","background-type":"","background-media":"","overlay-type":"","overlay-color":"","overlay-opacity":"","overlay-gradient":""},"tablet":{"background-color":"var(--ast-global-color-4)","background-image":"","background-repeat":"repeat","background-position":"center center","background-size":"auto","background-attachment":"scroll","background-type":"","background-media":"","overlay-type":"","overlay-color":"","overlay-opacity":"","overlay-gradient":""},"mobile":{"background-color":"var(--ast-global-color-4)","background-image":"","background-repeat":"repeat","background-position":"center center","background-size":"auto","background-attachment":"scroll","background-type":"","background-media":"","overlay-type":"","overlay-color":"","overlay-opacity":"","overlay-gradient":""}},"footnotes":""},"class_list":["post-22","page","type-page","status-publish","hentry"],"_links":{"self":[{"href":"https:\/\/boligrydding.no\/index.php\/wp-json\/wp\/v2\/pages\/22","targetHints":{"allow":["GET"]}}],"collection":[{"href":"https:\/\/boligrydding.no\/index.php\/wp-json\/wp\/v2\/pages"}],"about":[{"href":"https:\/\/boligrydding.no\/index.php\/wp-json\/wp\/v2\/types\/page"}],"author":[{"embeddable":true,"href":"https:\/\/boligrydding.no\/index.php\/wp-json\/wp\/v2\/users\/1"}],"replies":[{"embeddable":true,"href":"https:\/\/boligrydding.no\/index.php\/wp-json\/wp\/v2\/comments?post=22"}],"version-history":[{"count":42,"href":"https:\/\/boligrydding.no\/index.php\/wp-json\/wp\/v2\/pages\/22\/revisions"}],"predecessor-version":[{"id":113,"href":"https:\/\/boligrydding.no\/index.php\/wp-json\/wp\/v2\/pages\/22\/revisions\/113"}],"wp:attachment":[{"href":"https:\/\/boligrydding.no\/index.php\/wp-json\/wp\/v2\/media?parent=22"}],"curies":[{"name":"wp","href":"https:\/\/api.w.org\/{rel}","templated":true}]}}